{"id":24,"date":"2024-05-01T15:08:15","date_gmt":"2024-05-01T13:08:15","guid":{"rendered":"https:\/\/inwerter.org\/?page_id=24"},"modified":"2024-06-05T21:21:10","modified_gmt":"2024-06-05T19:21:10","slug":"24-2","status":"publish","type":"page","link":"https:\/\/inwerter.org\/","title":{"rendered":"Strona G\u0142\u00f3wna"},"content":{"rendered":"<p>[et_pb_section fb_built=&#8221;1&#8243; fullwidth=&#8221;on&#8221; admin_label=&#8221;Section&#8221; _builder_version=&#8221;4.25.1&#8243; _module_preset=&#8221;default&#8221; global_colors_info=&#8221;{}&#8221;][et_pb_fullwidth_slider _builder_version=&#8221;4.25.1&#8243; _module_preset=&#8221;default&#8221; background_color=&#8221;#777777&#8243; background_image=&#8221;https:\/\/inwerter.org\/wp-content\/uploads\/2024\/05\/1920x600v2.jpg&#8221; global_colors_info=&#8221;{}&#8221;][et_pb_slide _builder_version=&#8221;4.25.1&#8243; _module_preset=&#8221;default&#8221; global_colors_info=&#8221;{}&#8221; sticky_transition=&#8221;on&#8221;][\/et_pb_slide][\/et_pb_fullwidth_slider][\/et_pb_section][et_pb_section fb_built=&#8221;1&#8243; inner_shadow=&#8221;on&#8221; _builder_version=&#8221;4.25.1&#8243; _module_preset=&#8221;default&#8221; global_colors_info=&#8221;{}&#8221;][et_pb_row _builder_version=&#8221;4.25.1&#8243; _module_preset=&#8221;default&#8221; global_colors_info=&#8221;{}&#8221;][et_pb_column type=&#8221;4_4&#8243; _builder_version=&#8221;4.25.1&#8243; _module_preset=&#8221;default&#8221; global_colors_info=&#8221;{}&#8221;][et_pb_heading title=&#8221;O projekcie&#8221; module_id=&#8221;o-projekcie&#8221; _builder_version=&#8221;4.25.1&#8243; _module_preset=&#8221;default&#8221; title_text_align=&#8221;center&#8221; global_colors_info=&#8221;{}&#8221;][\/et_pb_heading][\/et_pb_column][\/et_pb_row][et_pb_row _builder_version=&#8221;4.25.1&#8243; _module_preset=&#8221;default&#8221; global_colors_info=&#8221;{}&#8221;][et_pb_column type=&#8221;4_4&#8243; _builder_version=&#8221;4.25.1&#8243; _module_preset=&#8221;default&#8221; global_colors_info=&#8221;{}&#8221;][et_pb_text _builder_version=&#8221;4.25.1&#8243; _module_preset=&#8221;default&#8221; global_colors_info=&#8221;{}&#8221;]<\/p>\n<p>Inwerter to przestrze\u0144 merytorycznej dyskusji na temat energetyki, przemys\u0142u, gospodarki i geopolityki w kontek\u015bcie przysz\u0142o\u015bci Unii Europejskiej i Polski. Najlepsi eksperci komentuj\u0105 dla was polityki kreowane przez Komisj\u0119 Europejsk\u0105 i Parlament Europejski. Nasze materia\u0142y maj\u0105 przybli\u017cy\u0107 Wam czasem skomplikowane zagadnienia i przekazywa\u0107 informacje, kt\u00f3rych nie znajdziecie nigdzie indziej. Je\u017celi s\u0105 tematy, kt\u00f3re o kt\u00f3rych chcieliby\u015bcie us\u0142ysze\u0107 w naszym programie lub macie eksperck\u0105 wiedz\u0119, kt\u00f3r\u0105 chcieliby\u015bcie si\u0119 z nami podzieli to napiszcie do nas na adres: biuro@inwerter.org<\/p>\n<p>[\/et_pb_text][\/et_pb_column][\/et_pb_row][et_pb_row column_structure=&#8221;1_2,1_2&#8243; _builder_version=&#8221;4.25.1&#8243; _module_preset=&#8221;default&#8221; global_colors_info=&#8221;{}&#8221;][et_pb_column type=&#8221;1_2&#8243; _builder_version=&#8221;4.25.1&#8243; _module_preset=&#8221;default&#8221; global_colors_info=&#8221;{}&#8221;][et_pb_blurb title=&#8221;Eksperckie komentarze na temat gospodarki&#8221; image=&#8221;https:\/\/inwerter.org\/wp-content\/uploads\/2024\/06\/matthew-henry-yETqkLnhsUI-unsplash-scaled.jpg&#8221; _builder_version=&#8221;4.25.1&#8243; _module_preset=&#8221;default&#8221; global_colors_info=&#8221;{}&#8221;]<\/p>\n<p>Naszym g\u0142\u00f3wnym celem jest komentowanie sfery gospodarki Unii Europejskiej w merytoryczny, wolny od populizmu i \u0142atwych uproszcze\u0144 spos\u00f3b. Nasi go\u015bcie b\u0119d\u0105 dzielili si\u0119 z Wami swoj\u0105 wiedz\u0105 i wg\u0142\u0119biali z prezentowane problemy.\u00a0<\/p>\n<p><span style=\"font-size: x-small;\">Photo by <a href=\"https:\/\/unsplash.com\/@matthewhenry?utm_content=creditCopyText&amp;utm_medium=referral&amp;utm_source=unsplash\">Matthew Henry<\/a> on <a href=\"https:\/\/unsplash.com\/photos\/photo-of-truss-towers-yETqkLnhsUI?utm_content=creditCopyText&amp;utm_medium=referral&amp;utm_source=unsplash\">Unsplash<\/a><\/span><\/p>\n<p>&nbsp;<\/p>\n<p>&nbsp;<\/p>\n<p>[\/et_pb_blurb][\/et_pb_column][et_pb_column type=&#8221;1_2&#8243; _builder_version=&#8221;4.25.1&#8243; _module_preset=&#8221;default&#8221; global_colors_info=&#8221;{}&#8221;][et_pb_blurb title=&#8221;Merytoryczne gospodarcze debaty &#8221; image=&#8221;https:\/\/inwerter.org\/wp-content\/uploads\/2024\/06\/ant-rozetsky-SLIFI67jv5k-unsplash-scaled.jpg&#8221; _builder_version=&#8221;4.25.1&#8243; _module_preset=&#8221;default&#8221; global_colors_info=&#8221;{}&#8221;]<\/p>\n<p>Wiemy, \u017ce czas dynamicznych gospodarczych przemian w Unii Europejskiej budzi wielkie emocje, a nawet gor\u0105ce spo\u0142eczne spory. Chcemy w naszym programie przedstawia\u0107 Wam merytoryczne argumenty wszystkich stron buduj\u0105c mo\u017cliwe najbardziej obiektywny obraz sytuacji.\u00a0<\/p>\n<p>&nbsp;<\/p>\n<p><span style=\"font-size: x-small;\">Photo by <a href=\"https:\/\/unsplash.com\/@rozetsky?utm_content=creditCopyText&amp;utm_medium=referral&amp;utm_source=unsplash\">Ant Rozetsky<\/a> on <a href=\"https:\/\/unsplash.com\/photos\/black-metal-empty-building-SLIFI67jv5k?utm_content=creditCopyText&amp;utm_medium=referral&amp;utm_source=unsplash\">Unsplash<\/a><\/span><\/p>\n<p>[\/et_pb_blurb][\/et_pb_column][\/et_pb_row][\/et_pb_section][et_pb_section fb_built=&#8221;1&#8243; inner_shadow=&#8221;on&#8221; _builder_version=&#8221;4.25.1&#8243; _module_preset=&#8221;default&#8221; custom_padding=&#8221;||30px|||&#8221; global_colors_info=&#8221;{}&#8221;][et_pb_row use_custom_gutter=&#8221;on&#8221; gutter_width=&#8221;2&#8243; module_id=&#8221;wideo&#8221; _builder_version=&#8221;4.25.0&#8243; _module_preset=&#8221;default&#8221; width=&#8221;100%&#8221; max_width=&#8221;100%&#8221; custom_margin=&#8221;||||false|false&#8221; custom_padding=&#8221;|25px|7px|25px|false|false&#8221; global_colors_info=&#8221;{}&#8221;][et_pb_column type=&#8221;4_4&#8243; _builder_version=&#8221;4.25.0&#8243; _module_preset=&#8221;default&#8221; global_colors_info=&#8221;{}&#8221;][et_pb_blog fullwidth=&#8221;off&#8221; posts_number=&#8221;3&#8243; include_categories=&#8221;4&#8243; show_content=&#8221;on&#8221; show_author=&#8221;off&#8221; show_date=&#8221;off&#8221; show_categories=&#8221;off&#8221; _builder_version=&#8221;4.25.0&#8243; _module_preset=&#8221;default&#8221; header_text_align=&#8221;center&#8221; text_orientation=&#8221;left&#8221; custom_margin=&#8221;||||false|false&#8221; custom_padding=&#8221;||0px||false|false&#8221; custom_css_free_form=&#8221;.et_pb_section .et_section_regular .et_pb_row {||    margin: 0px;||  width: 100%;||}&#8221; box_shadow_style=&#8221;preset1&#8243; global_colors_info=&#8221;{}&#8221;][\/et_pb_blog][\/et_pb_column][\/et_pb_row][\/et_pb_section][et_pb_section fb_built=&#8221;1&#8243; inner_shadow=&#8221;on&#8221; disabled_on=&#8221;on|on|on&#8221; _builder_version=&#8221;4.25.1&#8243; _module_preset=&#8221;default&#8221; background_enable_color=&#8221;off&#8221; disabled=&#8221;on&#8221; global_colors_info=&#8221;{}&#8221;][et_pb_row use_custom_gutter=&#8221;on&#8221; gutter_width=&#8221;2&#8243; _builder_version=&#8221;4.25.0&#8243; _module_preset=&#8221;default&#8221; width=&#8221;auto&#8221; max_width=&#8221;100%&#8221; module_alignment=&#8221;center&#8221; custom_margin=&#8221;-12px|auto||auto||&#8221; custom_padding=&#8221;|25px||25px|false|false&#8221; global_colors_info=&#8221;{}&#8221;][et_pb_column type=&#8221;4_4&#8243; _builder_version=&#8221;4.25.0&#8243; _module_preset=&#8221;default&#8221; global_colors_info=&#8221;{}&#8221;][et_pb_heading title=&#8221;Analizy&#8221; module_id=&#8221;analizy&#8221; _builder_version=&#8221;4.25.0&#8243; _module_preset=&#8221;default&#8221; title_text_align=&#8221;center&#8221; module_alignment=&#8221;center&#8221; custom_padding=&#8221;||60px|||&#8221; global_colors_info=&#8221;{}&#8221;][\/et_pb_heading][et_pb_blog fullwidth=&#8221;off&#8221; posts_number=&#8221;5&#8243; include_categories=&#8221;5&#8243; show_content=&#8221;on&#8221; show_author=&#8221;off&#8221; show_categories=&#8221;off&#8221; _builder_version=&#8221;4.25.0&#8243; _module_preset=&#8221;default&#8221; background_enable_color=&#8221;off&#8221; box_shadow_style=&#8221;preset1&#8243; global_colors_info=&#8221;{}&#8221;][\/et_pb_blog][\/et_pb_column][\/et_pb_row][\/et_pb_section]<\/p>\n","protected":false},"excerpt":{"rendered":"<p>Inwerter to przestrze\u0144 merytorycznej dyskusji na temat energetyki, przemys\u0142u, gospodarki i geopolityki w kontek\u015bcie przysz\u0142o\u015bci Unii Europejskiej i Polski. Najlepsi eksperci komentuj\u0105 dla was polityki kreowane przez Komisj\u0119 Europejsk\u0105 i Parlament Europejski. Nasze materia\u0142y maj\u0105 przybli\u017cy\u0107 Wam czasem skomplikowane zagadnienia i przekazywa\u0107 informacje, kt\u00f3rych nie znajdziecie nigdzie indziej. Je\u017celi s\u0105 tematy, kt\u00f3re o kt\u00f3rych chcieliby\u015bcie [&hellip;]<\/p>\n","protected":false},"author":1,"featured_media":0,"parent":0,"menu_order":0,"comment_status":"closed","ping_status":"closed","template":"","meta":{"_et_pb_use_builder":"on","_et_pb_old_content":"","_et_gb_content_width":"","footnotes":""},"class_list":["post-24","page","type-page","status-publish","hentry"],"_links":{"self":[{"href":"https:\/\/inwerter.org\/index.php?rest_route=\/wp\/v2\/pages\/24","targetHints":{"allow":["GET"]}}],"collection":[{"href":"https:\/\/inwerter.org\/index.php?rest_route=\/wp\/v2\/pages"}],"about":[{"href":"https:\/\/inwerter.org\/index.php?rest_route=\/wp\/v2\/types\/page"}],"author":[{"embeddable":true,"href":"https:\/\/inwerter.org\/index.php?rest_route=\/wp\/v2\/users\/1"}],"replies":[{"embeddable":true,"href":"https:\/\/inwerter.org\/index.php?rest_route=%2Fwp%2Fv2%2Fcomments&post=24"}],"version-history":[{"count":55,"href":"https:\/\/inwerter.org\/index.php?rest_route=\/wp\/v2\/pages\/24\/revisions"}],"predecessor-version":[{"id":285,"href":"https:\/\/inwerter.org\/index.php?rest_route=\/wp\/v2\/pages\/24\/revisions\/285"}],"wp:attachment":[{"href":"https:\/\/inwerter.org\/index.php?rest_route=%2Fwp%2Fv2%2Fmedia&parent=24"}],"curies":[{"name":"wp","href":"https:\/\/api.w.org\/{rel}","templated":true}]}}